{"id":2477,"date":"2022-07-04T15:14:02","date_gmt":"2022-07-04T18:14:02","guid":{"rendered":"https:\/\/hipervac.com.br\/?page_id=2477"},"modified":"2022-07-04T15:46:18","modified_gmt":"2022-07-04T18:46:18","slug":"assistencia-tecnica","status":"publish","type":"page","link":"https:\/\/hipervac.com.br\/?page_id=2477","title":{"rendered":"Assist\u00eancia T\u00e9cnica"},"content":{"rendered":"\t\t<div data-elementor-type=\"wp-post\" data-elementor-id=\"2477\" class=\"elementor elementor-2477\" data-elementor-post-type=\"page\">\n\t\t\t\t\t\t<section class=\"elementor-section elementor-top-section elementor-element elementor-element-11785f2 elementor-section-content-middle elementor-section-boxed elementor-section-height-default elementor-section-height-default\" data-id=\"11785f2\" data-element_type=\"section\">\n\t\t\t\t\t\t<div class=\"elementor-container elementor-column-gap-no\">\n\t\t\t\t\t<div class=\"elementor-column elementor-col-100 elementor-top-column elementor-element elementor-element-2ba7a3a\" data-id=\"2ba7a3a\" data-element_type=\"column\">\n\t\t\t<div class=\"elementor-widget-wrap elementor-element-populated\">\n\t\t\t\t\t\t<section class=\"elementor-section elementor-inner-section elementor-element elementor-element-bb8c402 elementor-section-full_width elementor-section-height-default elementor-section-height-default\" data-id=\"bb8c402\" data-element_type=\"section\" data-settings=\"{&quot;background_background&quot;:&quot;classic&quot;}\">\n\t\t\t\t\t\t<div class=\"elementor-container elementor-column-gap-no\">\n\t\t\t\t\t<div class=\"elementor-column elementor-col-100 elementor-inner-column elementor-element elementor-element-462a0af\" data-id=\"462a0af\" data-element_type=\"column\">\n\t\t\t<div class=\"elementor-widget-wrap elementor-element-populated\">\n\t\t\t\t\t\t<div class=\"elementor-element elementor-element-c982d26 elementor-widget elementor-widget-heading\" data-id=\"c982d26\" data-element_type=\"widget\" data-widget_type=\"heading.default\">\n\t\t\t\t<div class=\"elementor-widget-container\">\n\t\t\t<h2 class=\"elementor-heading-title elementor-size-default\">ASSIST\u00caNCIA T\u00c9CNICA<\/h2>\t\t<\/div>\n\t\t\t\t<\/div>\n\t\t\t\t\t<\/div>\n\t\t<\/div>\n\t\t\t\t\t<\/div>\n\t\t<\/section>\n\t\t\t\t<section class=\"elementor-section elementor-inner-section elementor-element elementor-element-ad21c44 elementor-section-boxed elementor-section-height-default elementor-section-height-default\" data-id=\"ad21c44\" data-element_type=\"section\">\n\t\t\t\t\t\t<div class=\"elementor-container elementor-column-gap-default\">\n\t\t\t\t\t<div class=\"elementor-column elementor-col-50 elementor-inner-column elementor-element elementor-element-5dbf747\" data-id=\"5dbf747\" data-element_type=\"column\">\n\t\t\t<div class=\"elementor-widget-wrap elementor-element-populated\">\n\t\t\t\t\t\t<div class=\"elementor-element elementor-element-e886763 elementor-widget elementor-widget-image\" data-id=\"e886763\" data-element_type=\"widget\" data-widget_type=\"image.default\">\n\t\t\t\t<div class=\"elementor-widget-container\">\n\t\t\t\t\t\t\t\t\t\t\t\t\t<img fetchpriority=\"high\" decoding=\"async\" width=\"650\" height=\"690\" src=\"https:\/\/hipervac.com.br\/wp-content\/uploads\/2022\/07\/Hipervac-assistencia-tecnica.jpg\" class=\"attachment-full size-full wp-image-2535\" alt=\"\" \/>\t\t\t\t\t\t\t\t\t\t\t\t\t<\/div>\n\t\t\t\t<\/div>\n\t\t\t\t\t<\/div>\n\t\t<\/div>\n\t\t\t\t<div class=\"elementor-column elementor-col-50 elementor-inner-column elementor-element elementor-element-09aa817\" data-id=\"09aa817\" data-element_type=\"column\">\n\t\t\t<div class=\"elementor-widget-wrap elementor-element-populated\">\n\t\t\t\t\t\t<div class=\"elementor-element elementor-element-5e88877 elementor-widget elementor-widget-text-editor\" data-id=\"5e88877\" data-element_type=\"widget\" data-widget_type=\"text-editor.default\">\n\t\t\t\t<div class=\"elementor-widget-container\">\n\t\t\t\t\t\t\t<p>Com profissionais capacitados, trabalhamos com assist\u00eancia t\u00e9cnica autorizada das principais marcas de seladoras a v\u00e1cuo do mercado, buscando atendimento \u00e1gil e eficiente, adequando seguran\u00e7a e sa\u00fade na hora de embalar alimentos.<\/p><p>Os servi\u00e7os e manuten\u00e7\u00f5es prestados pela Hipervac abrangem tanto manuten\u00e7\u00f5es preventivas quanto corretivas, de forma a garantir aos nossos clientes disponibilidade para manuten\u00e7\u00f5es em car\u00e1ter emergencial.<\/p><p>As manuten\u00e7\u00f5es podem ser realizadas em sua pr\u00f3pria empresa ou nas instala\u00e7\u00f5es da Hipervac.<\/p>\t\t\t\t\t\t<\/div>\n\t\t\t\t<\/div>\n\t\t\t\t\t<\/div>\n\t\t<\/div>\n\t\t\t\t\t<\/div>\n\t\t<\/section>\n\t\t\t\t\t<\/div>\n\t\t<\/div>\n\t\t\t\t\t<\/div>\n\t\t<\/section>\n\t\t\t\t<section class=\"elementor-section elementor-top-section elementor-element elementor-element-56f06dd elementor-section-boxed elementor-section-height-default elementor-section-height-default\" data-id=\"56f06dd\" data-element_type=\"section\">\n\t\t\t\t\t\t<div class=\"elementor-container elementor-column-gap-default\">\n\t\t\t\t\t<div class=\"elementor-column elementor-col-100 elementor-top-column elementor-element elementor-element-0da98b1\" data-id=\"0da98b1\" data-element_type=\"column\">\n\t\t\t<div class=\"elementor-widget-wrap elementor-element-populated\">\n\t\t\t\t\t\t<section class=\"elementor-section elementor-inner-section elementor-element elementor-element-357ae4b elementor-section-full_width elementor-section-height-default elementor-section-height-default\" data-id=\"357ae4b\" data-element_type=\"section\" data-settings=\"{&quot;background_background&quot;:&quot;classic&quot;}\">\n\t\t\t\t\t\t<div class=\"elementor-container elementor-column-gap-no\">\n\t\t\t\t\t<div class=\"elementor-column elementor-col-100 elementor-inner-column elementor-element elementor-element-ea68977\" data-id=\"ea68977\" data-element_type=\"column\">\n\t\t\t<div class=\"elementor-widget-wrap elementor-element-populated\">\n\t\t\t\t\t\t<div class=\"elementor-element elementor-element-19d5118 elementor-widget elementor-widget-heading\" data-id=\"19d5118\" data-element_type=\"widget\" data-widget_type=\"heading.default\">\n\t\t\t\t<div class=\"elementor-widget-container\">\n\t\t\t<h2 class=\"elementor-heading-title elementor-size-default\">Manuten\u00e7\u00e3o Preventiva<\/h2>\t\t<\/div>\n\t\t\t\t<\/div>\n\t\t\t\t\t<\/div>\n\t\t<\/div>\n\t\t\t\t\t<\/div>\n\t\t<\/section>\n\t\t\t\t\t<\/div>\n\t\t<\/div>\n\t\t\t\t\t<\/div>\n\t\t<\/section>\n\t\t\t\t<section class=\"elementor-section elementor-top-section elementor-element elementor-element-899f236 elementor-section-boxed elementor-section-height-default elementor-section-height-default\" data-id=\"899f236\" data-element_type=\"section\">\n\t\t\t\t\t\t<div class=\"elementor-container elementor-column-gap-default\">\n\t\t\t\t\t<div class=\"elementor-column elementor-col-100 elementor-top-column elementor-element elementor-element-6c75330\" data-id=\"6c75330\" data-element_type=\"column\">\n\t\t\t<div class=\"elementor-widget-wrap elementor-element-populated\">\n\t\t\t\t\t\t<div class=\"elementor-element elementor-element-d5a78a6 elementor-widget elementor-widget-text-editor\" data-id=\"d5a78a6\" data-element_type=\"widget\" data-widget_type=\"text-editor.default\">\n\t\t\t\t<div class=\"elementor-widget-container\">\n\t\t\t\t\t\t\t<p>Toda a m\u00e1quina est\u00e1 sujeita ao desgaste natural de pe\u00e7as conforme uso di\u00e1rio. Por isso, \u00e9 importante realizar manuten\u00e7\u00f5es preventivas de forma a antecipar poss\u00edveis problemas antes que possam causar danos maiores e inutilizar as m\u00e1quinas.<\/p><p>A manuten\u00e7\u00e3o preventiva feita pela Hipervac \u00e9 realizada de forma regular, a fim de garantir o m\u00e1ximo de rendimento para as m\u00e1quinas, reduzindo, assim, o risco de defeitos e falhas inesperadas.<\/p><p>Elaboramos planos de manuten\u00e7\u00f5es t\u00e9cnicas, em conformidade com nossos clientes, para definir quais as melhores datas para a realiza\u00e7\u00e3o da mesma, garantindo, assim, qualidade e maior rendimento, al\u00e9m de prolongar a vida \u00fatil dos equipamentos.<\/p>\t\t\t\t\t\t<\/div>\n\t\t\t\t<\/div>\n\t\t\t\t\t<\/div>\n\t\t<\/div>\n\t\t\t\t\t<\/div>\n\t\t<\/section>\n\t\t\t\t<section class=\"elementor-section elementor-top-section elementor-element elementor-element-5b6556b elementor-section-boxed elementor-section-height-default elementor-section-height-default\" data-id=\"5b6556b\" data-element_type=\"section\">\n\t\t\t\t\t\t<div class=\"elementor-container elementor-column-gap-default\">\n\t\t\t\t\t<div class=\"elementor-column elementor-col-100 elementor-top-column elementor-element elementor-element-c63d09b\" data-id=\"c63d09b\" data-element_type=\"column\">\n\t\t\t<div class=\"elementor-widget-wrap elementor-element-populated\">\n\t\t\t\t\t\t<section class=\"elementor-section elementor-inner-section elementor-element elementor-element-db93c06 elementor-section-full_width elementor-section-height-default elementor-section-height-default\" data-id=\"db93c06\" data-element_type=\"section\" data-settings=\"{&quot;background_background&quot;:&quot;classic&quot;}\">\n\t\t\t\t\t\t<div class=\"elementor-container elementor-column-gap-no\">\n\t\t\t\t\t<div class=\"elementor-column elementor-col-100 elementor-inner-column elementor-element elementor-element-fbd4141\" data-id=\"fbd4141\" data-element_type=\"column\">\n\t\t\t<div class=\"elementor-widget-wrap elementor-element-populated\">\n\t\t\t\t\t\t<div class=\"elementor-element elementor-element-2b388c1 elementor-widget elementor-widget-heading\" data-id=\"2b388c1\" data-element_type=\"widget\" data-widget_type=\"heading.default\">\n\t\t\t\t<div class=\"elementor-widget-container\">\n\t\t\t<h2 class=\"elementor-heading-title elementor-size-default\">Manuten\u00e7\u00e3o corretiva e emergencial:<\/h2>\t\t<\/div>\n\t\t\t\t<\/div>\n\t\t\t\t\t<\/div>\n\t\t<\/div>\n\t\t\t\t\t<\/div>\n\t\t<\/section>\n\t\t\t\t\t<\/div>\n\t\t<\/div>\n\t\t\t\t\t<\/div>\n\t\t<\/section>\n\t\t\t\t<section class=\"elementor-section elementor-top-section elementor-element elementor-element-4e896b9 elementor-section-boxed elementor-section-height-default elementor-section-height-default\" data-id=\"4e896b9\" data-element_type=\"section\">\n\t\t\t\t\t\t<div class=\"elementor-container elementor-column-gap-default\">\n\t\t\t\t\t<div class=\"elementor-column elementor-col-100 elementor-top-column elementor-element elementor-element-421fd3b\" data-id=\"421fd3b\" data-element_type=\"column\">\n\t\t\t<div class=\"elementor-widget-wrap elementor-element-populated\">\n\t\t\t\t\t\t<div class=\"elementor-element elementor-element-435b4a9 elementor-widget elementor-widget-text-editor\" data-id=\"435b4a9\" data-element_type=\"widget\" data-widget_type=\"text-editor.default\">\n\t\t\t\t<div class=\"elementor-widget-container\">\n\t\t\t\t\t\t\t<p>A Hipervac conta com t\u00e9cnico capacitado especialista em manuten\u00e7\u00f5es de seladoras e m\u00e1quinas, para fazer a an\u00e1lise necess\u00e1ria e apontar solu\u00e7\u00f5es imediatas para as falhas e defeitos apresentados, realizando r\u00e1pidas interven\u00e7\u00f5es e substitui\u00e7\u00f5es de pe\u00e7as, quando necess\u00e1rio.<\/p><p>Trabalhamos com pe\u00e7as e produtos originais do fabricante de cada m\u00e1quina em manuten\u00e7\u00e3o, respeitando os crit\u00e9rios de qualidade dos mesmos, a fim de garantir a excel\u00eancia do servi\u00e7o prestado.<\/p>\t\t\t\t\t\t<\/div>\n\t\t\t\t<\/div>\n\t\t\t\t\t<\/div>\n\t\t<\/div>\n\t\t\t\t\t<\/div>\n\t\t<\/section>\n\t\t\t\t<\/div>\n\t\t","protected":false},"excerpt":{"rendered":"<p>ASSIST\u00caNCIA T\u00c9CNICA Com profissionais capacitados, trabalhamos com assist\u00eancia t\u00e9cnica autorizada das principais marcas de seladoras a v\u00e1cuo do mercado, buscando atendimento \u00e1gil e eficiente, adequando seguran\u00e7a e sa\u00fade na hora de embalar alimentos. Os servi\u00e7os e manuten\u00e7\u00f5es prestados pela Hipervac abrangem tanto manuten\u00e7\u00f5es preventivas quanto corretivas, de forma a garantir aos nossos clientes disponibilidade para [&hellip;]<\/p>\n","protected":false},"author":1,"featured_media":0,"parent":0,"menu_order":0,"comment_status":"closed","ping_status":"closed","template":"elementor_header_footer","meta":{"footnotes":""},"class_list":["post-2477","page","type-page","status-publish","hentry","entry"],"_links":{"self":[{"href":"https:\/\/hipervac.com.br\/index.php?rest_route=\/wp\/v2\/pages\/2477","targetHints":{"allow":["GET"]}}],"collection":[{"href":"https:\/\/hipervac.com.br\/index.php?rest_route=\/wp\/v2\/pages"}],"about":[{"href":"https:\/\/hipervac.com.br\/index.php?rest_route=\/wp\/v2\/types\/page"}],"author":[{"embeddable":true,"href":"https:\/\/hipervac.com.br\/index.php?rest_route=\/wp\/v2\/users\/1"}],"replies":[{"embeddable":true,"href":"https:\/\/hipervac.com.br\/index.php?rest_route=%2Fwp%2Fv2%2Fcomments&post=2477"}],"version-history":[{"count":58,"href":"https:\/\/hipervac.com.br\/index.php?rest_route=\/wp\/v2\/pages\/2477\/revisions"}],"predecessor-version":[{"id":2541,"href":"https:\/\/hipervac.com.br\/index.php?rest_route=\/wp\/v2\/pages\/2477\/revisions\/2541"}],"wp:attachment":[{"href":"https:\/\/hipervac.com.br\/index.php?rest_route=%2Fwp%2Fv2%2Fmedia&parent=2477"}],"curies":[{"name":"wp","href":"https:\/\/api.w.org\/{rel}","templated":true}]}}