{"id":2389,"date":"2022-07-02T17:35:50","date_gmt":"2022-07-02T20:35:50","guid":{"rendered":"https:\/\/hipervac.com.br\/?page_id=2389"},"modified":"2022-07-02T19:47:38","modified_gmt":"2022-07-02T22:47:38","slug":"embalagens","status":"publish","type":"page","link":"https:\/\/hipervac.com.br\/?page_id=2389","title":{"rendered":"Embalagens"},"content":{"rendered":"\t\t<div data-elementor-type=\"wp-post\" data-elementor-id=\"2389\" class=\"elementor elementor-2389\" data-elementor-post-type=\"page\">\n\t\t\t\t\t\t<section class=\"elementor-section elementor-top-section elementor-element elementor-element-345ebfe elementor-section-boxed elementor-section-height-default elementor-section-height-default\" data-id=\"345ebfe\" data-element_type=\"section\">\n\t\t\t\t\t\t<div class=\"elementor-container elementor-column-gap-default\">\n\t\t\t\t\t<div class=\"elementor-column elementor-col-100 elementor-top-column elementor-element elementor-element-eaae2e1\" data-id=\"eaae2e1\" data-element_type=\"column\">\n\t\t\t<div class=\"elementor-widget-wrap elementor-element-populated\">\n\t\t\t\t\t\t<div class=\"elementor-element elementor-element-5d3f77b elementor-widget elementor-widget-heading\" data-id=\"5d3f77b\" data-element_type=\"widget\" data-widget_type=\"heading.default\">\n\t\t\t\t<div class=\"elementor-widget-container\">\n\t\t\t<h4 class=\"elementor-heading-title elementor-size-default\">Embalagens a V\u00e1cuo<\/h4>\t\t<\/div>\n\t\t\t\t<\/div>\n\t\t\t\t\t<\/div>\n\t\t<\/div>\n\t\t\t\t\t<\/div>\n\t\t<\/section>\n\t\t\t\t<section class=\"elementor-section elementor-top-section elementor-element elementor-element-7ce245b9 elementor-section-content-middle elementor-section-boxed elementor-section-height-default elementor-section-height-default\" data-id=\"7ce245b9\" data-element_type=\"section\">\n\t\t\t\t\t\t<div class=\"elementor-container elementor-column-gap-no\">\n\t\t\t\t\t<div class=\"elementor-column elementor-col-100 elementor-top-column elementor-element elementor-element-9bfd64a\" data-id=\"9bfd64a\" data-element_type=\"column\">\n\t\t\t<div class=\"elementor-widget-wrap elementor-element-populated\">\n\t\t\t\t\t\t<div class=\"elementor-element elementor-element-4daac0f elementor-widget elementor-widget-text-editor\" data-id=\"4daac0f\" data-element_type=\"widget\" data-widget_type=\"text-editor.default\">\n\t\t\t\t<div class=\"elementor-widget-container\">\n\t\t\t\t\t\t\t<p>Atentos sempre com a evolu\u00e7\u00e3o da tecnologia a v\u00e1cuo no mercado nacional, fornecemos diversos equipamentos das melhores marcas dispon\u00edveis no mercado para nossos clientes.<\/p>\t\t\t\t\t\t<\/div>\n\t\t\t\t<\/div>\n\t\t\t\t\t<\/div>\n\t\t<\/div>\n\t\t\t\t\t<\/div>\n\t\t<\/section>\n\t\t\t\t<section class=\"elementor-section elementor-top-section elementor-element elementor-element-061bfb8 elementor-section-content-middle elementor-section-boxed elementor-section-height-default elementor-section-height-default\" data-id=\"061bfb8\" data-element_type=\"section\">\n\t\t\t\t\t\t<div class=\"elementor-container elementor-column-gap-no\">\n\t\t\t\t\t<div class=\"elementor-column elementor-col-100 elementor-top-column elementor-element elementor-element-9c7c585\" data-id=\"9c7c585\" data-element_type=\"column\">\n\t\t\t<div class=\"elementor-widget-wrap elementor-element-populated\">\n\t\t\t\t\t\t<section class=\"elementor-section elementor-inner-section elementor-element elementor-element-6cbe17e elementor-section-full_width elementor-section-height-default elementor-section-height-default\" data-id=\"6cbe17e\" data-element_type=\"section\" data-settings=\"{&quot;background_background&quot;:&quot;classic&quot;}\">\n\t\t\t\t\t\t<div class=\"elementor-container elementor-column-gap-no\">\n\t\t\t\t\t<div class=\"elementor-column elementor-col-100 elementor-inner-column elementor-element elementor-element-01bba7e\" data-id=\"01bba7e\" data-element_type=\"column\">\n\t\t\t<div class=\"elementor-widget-wrap elementor-element-populated\">\n\t\t\t\t\t\t<div class=\"elementor-element elementor-element-6d35b80 elementor-widget elementor-widget-heading\" data-id=\"6d35b80\" data-element_type=\"widget\" data-widget_type=\"heading.default\">\n\t\t\t\t<div class=\"elementor-widget-container\">\n\t\t\t<h2 class=\"elementor-heading-title elementor-size-default\">Embalagens a V\u00e1cuo Nylon Poli:<\/h2>\t\t<\/div>\n\t\t\t\t<\/div>\n\t\t\t\t\t<\/div>\n\t\t<\/div>\n\t\t\t\t\t<\/div>\n\t\t<\/section>\n\t\t\t\t<section class=\"elementor-section elementor-inner-section elementor-element elementor-element-bff51fa elementor-section-boxed elementor-section-height-default elementor-section-height-default\" data-id=\"bff51fa\" data-element_type=\"section\">\n\t\t\t\t\t\t<div class=\"elementor-container elementor-column-gap-default\">\n\t\t\t\t\t<div class=\"elementor-column elementor-col-50 elementor-inner-column elementor-element elementor-element-37751fc\" data-id=\"37751fc\" data-element_type=\"column\">\n\t\t\t<div class=\"elementor-widget-wrap elementor-element-populated\">\n\t\t\t\t\t\t<div class=\"elementor-element elementor-element-f57908f elementor-widget elementor-widget-image\" data-id=\"f57908f\" data-element_type=\"widget\" data-widget_type=\"image.default\">\n\t\t\t\t<div class=\"elementor-widget-container\">\n\t\t\t\t\t\t\t\t\t\t\t\t\t<img fetchpriority=\"high\" decoding=\"async\" width=\"677\" height=\"454\" src=\"https:\/\/hipervac.com.br\/wp-content\/uploads\/2022\/07\/Embalagens-a-Vacuo-Nylon-Poli.jpg\" class=\"attachment-full size-full wp-image-2403\" alt=\"\" \/>\t\t\t\t\t\t\t\t\t\t\t\t\t<\/div>\n\t\t\t\t<\/div>\n\t\t\t\t\t<\/div>\n\t\t<\/div>\n\t\t\t\t<div class=\"elementor-column elementor-col-50 elementor-inner-column elementor-element elementor-element-cb39081\" data-id=\"cb39081\" data-element_type=\"column\">\n\t\t\t<div class=\"elementor-widget-wrap elementor-element-populated\">\n\t\t\t\t\t\t<div class=\"elementor-element elementor-element-48f272e elementor-widget elementor-widget-text-editor\" data-id=\"48f272e\" data-element_type=\"widget\" data-widget_type=\"text-editor.default\">\n\t\t\t\t<div class=\"elementor-widget-container\">\n\t\t\t\t\t\t\t<p>As\u00a0embalagens nylon poli<strong>,<\/strong>\u00a0(Nylon\/Polietileno), s\u00e3o utilizadas no processo de embalagem e selagem a v\u00e1cuo, dois m\u00e9todos eficazes no que tange o quesito de conserva\u00e7\u00e3o dos alimentos.<br \/>\u00c9 uma linha desenvolvida por meio de multicamadas de prote\u00e7\u00e3o, que forma uma barreira e conserva os produtos que necessitam do v\u00e1cuo para prote\u00e7\u00e3o ao vapor da \u00e1gua e do oxig\u00eanio por um per\u00edodo de tempo maior, concedendo maior vida \u00fatil ao mesmo.\u00a0Sua espessura varia de 120 a 160 micras, com 7 camadas de prote\u00e7\u00e3o.<\/p>\t\t\t\t\t\t<\/div>\n\t\t\t\t<\/div>\n\t\t\t\t\t<\/div>\n\t\t<\/div>\n\t\t\t\t\t<\/div>\n\t\t<\/section>\n\t\t\t\t<section class=\"elementor-section elementor-inner-section elementor-element elementor-element-72706ca elementor-section-boxed elementor-section-height-default elementor-section-height-default\" data-id=\"72706ca\" data-element_type=\"section\">\n\t\t\t\t\t\t<div class=\"elementor-container elementor-column-gap-default\">\n\t\t\t\t\t<div class=\"elementor-column elementor-col-100 elementor-inner-column elementor-element elementor-element-45ea204\" data-id=\"45ea204\" data-element_type=\"column\">\n\t\t\t<div class=\"elementor-widget-wrap elementor-element-populated\">\n\t\t\t\t\t\t<div class=\"elementor-element elementor-element-07d3bb8 elementor-widget elementor-widget-text-editor\" data-id=\"07d3bb8\" data-element_type=\"widget\" data-widget_type=\"text-editor.default\">\n\t\t\t\t<div class=\"elementor-widget-container\">\n\t\t\t\t\t\t\t<p>A transpar\u00eancia e o brilho das embalagens de Nylon Poli destacam e valorizam as caracter\u00edsticas dos alimentos nelas embalados, tornando-os vistosos aos olhos dos consumidores, sendo assim um forte aliado nas vitrines e pontos de venda de diversos segmentos aliment\u00edcios.<\/p><p><b>Podemos citar como benef\u00edcios importantes das embalagens de nylon poli:<\/b><\/p><p>&#8211; Excelente apar\u00eancia e consist\u00eancia;<br \/><span style=\"font-size: 17px;\">&#8211; Alta resist\u00eancia a rompimentos, cortes e deforma\u00e7\u00f5es;<br \/><\/span><span style=\"font-size: 17px;\">&#8211; Alta capacidade de barreira contra a forma\u00e7\u00e3o de gases e vapor de \u00e1gua (evitando, assim, a desidrata\u00e7\u00e3o e perda de l\u00edquidos dos alimentos)<br \/><\/span><span style=\"font-size: 17px;\">&#8211; Mant\u00e9m o aroma, frescor e sabor dos alimentos de forma prolongada;<br \/><\/span><span style=\"font-size: 17px;\">&#8211; Ideal para transporte e armazenamento de produtos, inclusive para importa\u00e7\u00e3o\/exporta\u00e7\u00e3o dos mesmos;<br \/><\/span><span style=\"font-size: 17px;\">&#8211; S\u00e3o embalagens herm\u00e9ticas e higi\u00eanicas, o que evita a prolifera\u00e7\u00e3o de microrganismos e a decomposi\u00e7\u00e3o de alimentos;<br \/><\/span><span style=\"font-size: 17px;\">&#8211; Evita desperd\u00edcios em fun\u00e7\u00e3o de conservar alimentos por mais tempo, tanto em prateleiras quanto em geladeiras, para o consumidor final;<br \/><\/span><span style=\"font-size: 17px;\">\u00a0&#8211; S\u00e3o embalagens que permitem impress\u00e3o de logomarcas e informa\u00e7\u00f5es nutricionais em suas camadas externas (o que aumenta a apresenta\u00e7\u00e3o na venda dos produtos).<\/span><\/p><p>Vale ressaltar que as embalagens de nylon poli s\u00e3o materiais at\u00f3xicos, que n\u00e3o fazem mal para a sa\u00fade dos consumidores, s\u00e3o totalmente livres de BPA e s\u00e3o fabricadas em conformidade com as normas e regulamenta\u00e7\u00f5es de \u00f3rg\u00e3os nacionais e internacionais como a ANVISA (Ag\u00eancia Nacional de Vigil\u00e2ncia Sanit\u00e1ria) e a FDA (Food and Drug Administration), \u00f3rg\u00e3o estadunidense de inspe\u00e7\u00e3o sanit\u00e1ria.<\/p>\t\t\t\t\t\t<\/div>\n\t\t\t\t<\/div>\n\t\t\t\t\t<\/div>\n\t\t<\/div>\n\t\t\t\t\t<\/div>\n\t\t<\/section>\n\t\t\t\t\t<\/div>\n\t\t<\/div>\n\t\t\t\t\t<\/div>\n\t\t<\/section>\n\t\t\t\t<section class=\"elementor-section elementor-top-section elementor-element elementor-element-d013df2 elementor-section-boxed elementor-section-height-default elementor-section-height-default\" data-id=\"d013df2\" data-element_type=\"section\">\n\t\t\t\t\t\t<div class=\"elementor-container elementor-column-gap-default\">\n\t\t\t\t\t<div class=\"elementor-column elementor-col-100 elementor-top-column elementor-element elementor-element-4e069bc\" data-id=\"4e069bc\" data-element_type=\"column\">\n\t\t\t<div class=\"elementor-widget-wrap elementor-element-populated\">\n\t\t\t\t\t\t<div class=\"elementor-element elementor-element-ee60b14 elementor-widget elementor-widget-text-editor\" data-id=\"ee60b14\" data-element_type=\"widget\" data-widget_type=\"text-editor.default\">\n\t\t\t\t<div class=\"elementor-widget-container\">\n\t\t\t\t\t\t\t<p><b>\u00c9 indicado para:<\/b><\/p>\t\t\t\t\t\t<\/div>\n\t\t\t\t<\/div>\n\t\t\t\t\t<\/div>\n\t\t<\/div>\n\t\t\t\t\t<\/div>\n\t\t<\/section>\n\t\t\t\t<section class=\"elementor-section elementor-top-section elementor-element elementor-element-28eb8c3 elementor-section-boxed elementor-section-height-default elementor-section-height-default\" data-id=\"28eb8c3\" data-element_type=\"section\">\n\t\t\t\t\t\t<div class=\"elementor-container elementor-column-gap-default\">\n\t\t\t\t\t<div class=\"elementor-column elementor-col-50 elementor-top-column elementor-element elementor-element-b8d4943\" data-id=\"b8d4943\" data-element_type=\"column\">\n\t\t\t<div class=\"elementor-widget-wrap elementor-element-populated\">\n\t\t\t\t\t\t<div class=\"elementor-element elementor-element-305fdd4 elementor-widget elementor-widget-text-editor\" data-id=\"305fdd4\" data-element_type=\"widget\" data-widget_type=\"text-editor.default\">\n\t\t\t\t<div class=\"elementor-widget-container\">\n\t\t\t\t\t\t\t<ul><li><span style=\"font-size: 17px;\">Queijos e frios;<\/span><\/li><li><span style=\"font-size: 17px;\">Latic\u00ednios<\/span><\/li><li><span style=\"font-size: 17px;\">Fatiados;<\/span><\/li><li><span style=\"font-size: 17px;\">Polpas de frutas;<\/span><\/li><li><span style=\"font-size: 17px;\">Pizzas;<\/span><\/li><li><span style=\"font-size: 17px;\">Massas<\/span><\/li><li>Carnes<\/li><\/ul>\t\t\t\t\t\t<\/div>\n\t\t\t\t<\/div>\n\t\t\t\t\t<\/div>\n\t\t<\/div>\n\t\t\t\t<div class=\"elementor-column elementor-col-50 elementor-top-column elementor-element elementor-element-13636d3\" data-id=\"13636d3\" data-element_type=\"column\">\n\t\t\t<div class=\"elementor-widget-wrap elementor-element-populated\">\n\t\t\t\t\t\t<div class=\"elementor-element elementor-element-0f005a5 elementor-widget elementor-widget-text-editor\" data-id=\"0f005a5\" data-element_type=\"widget\" data-widget_type=\"text-editor.default\">\n\t\t\t\t<div class=\"elementor-widget-container\">\n\t\t\t\t\t\t\t<ul><li><span style=\"font-size: 17px;\">Peixes;<\/span><\/li><li><span style=\"font-size: 17px;\">Crust\u00e1ceos;<\/span><\/li><li><span style=\"font-size: 17px;\">Bacons, Salames;<\/span><\/li><li><span style=\"font-size: 17px;\">Charques e chouri\u00e7os;<\/span><\/li><li><span style=\"font-size: 17px;\">Legumes e verduras;<\/span><\/li><li><span style=\"font-size: 17px;\">Alimentos frescos.<\/span><\/li><\/ul>\t\t\t\t\t\t<\/div>\n\t\t\t\t<\/div>\n\t\t\t\t\t<\/div>\n\t\t<\/div>\n\t\t\t\t\t<\/div>\n\t\t<\/section>\n\t\t\t\t<section class=\"elementor-section elementor-top-section elementor-element elementor-element-6be3c0c elementor-section-boxed elementor-section-height-default elementor-section-height-default\" data-id=\"6be3c0c\" data-element_type=\"section\">\n\t\t\t\t\t\t<div class=\"elementor-container elementor-column-gap-default\">\n\t\t\t\t\t<div class=\"elementor-column elementor-col-100 elementor-top-column elementor-element elementor-element-bd78206\" data-id=\"bd78206\" data-element_type=\"column\">\n\t\t\t<div class=\"elementor-widget-wrap elementor-element-populated\">\n\t\t\t\t\t\t<div class=\"elementor-element elementor-element-1e92959 gallery-spacing-custom elementor-widget elementor-widget-image-gallery\" data-id=\"1e92959\" data-element_type=\"widget\" data-widget_type=\"image-gallery.default\">\n\t\t\t\t<div class=\"elementor-widget-container\">\n\t\t\t\t\t<div class=\"elementor-image-gallery\">\n\t\t\t<div id='gallery-1' class='gallery galleryid-2389 gallery-columns-3 gallery-size-full'><figure class='gallery-item'>\n\t\t\t<div class='gallery-icon landscape'>\n\t\t\t\t<a data-elementor-open-lightbox=\"yes\" data-elementor-lightbox-slideshow=\"1e92959\" data-elementor-lightbox-title=\"Embalagens-a-V\u00e1cuo-Camar\u00e3o\" data-e-action-hash=\"#elementor-action%3Aaction%3Dlightbox%26settings%3DeyJpZCI6MjQyOCwidXJsIjoiaHR0cHM6XC9cL2hpcGVydmFjLmNvbS5iclwvd3AtY29udGVudFwvdXBsb2Fkc1wvMjAyMlwvMDdcL0VtYmFsYWdlbnMtYS1WYWN1by1DYW1hcmFvLmpwZyIsInNsaWRlc2hvdyI6IjFlOTI5NTkifQ%3D%3D\" href='https:\/\/hipervac.com.br\/wp-content\/uploads\/2022\/07\/Embalagens-a-Vacuo-Camarao.jpg'><img decoding=\"async\" width=\"677\" height=\"454\" src=\"https:\/\/hipervac.com.br\/wp-content\/uploads\/2022\/07\/Embalagens-a-Vacuo-Camarao.jpg\" class=\"attachment-full size-full\" alt=\"\" \/><\/a>\n\t\t\t<\/div><\/figure><figure class='gallery-item'>\n\t\t\t<div class='gallery-icon landscape'>\n\t\t\t\t<a data-elementor-open-lightbox=\"yes\" data-elementor-lightbox-slideshow=\"1e92959\" data-elementor-lightbox-title=\"Embalagens-a-V\u00e1cuo-carnes\" data-e-action-hash=\"#elementor-action%3Aaction%3Dlightbox%26settings%3DeyJpZCI6MjQyOSwidXJsIjoiaHR0cHM6XC9cL2hpcGVydmFjLmNvbS5iclwvd3AtY29udGVudFwvdXBsb2Fkc1wvMjAyMlwvMDdcL0VtYmFsYWdlbnMtYS1WYWN1by1jYXJuZXMuanBnIiwic2xpZGVzaG93IjoiMWU5Mjk1OSJ9\" href='https:\/\/hipervac.com.br\/wp-content\/uploads\/2022\/07\/Embalagens-a-Vacuo-carnes.jpg'><img decoding=\"async\" width=\"677\" height=\"454\" src=\"https:\/\/hipervac.com.br\/wp-content\/uploads\/2022\/07\/Embalagens-a-Vacuo-carnes.jpg\" class=\"attachment-full size-full\" alt=\"\" \/><\/a>\n\t\t\t<\/div><\/figure><figure class='gallery-item'>\n\t\t\t<div class='gallery-icon landscape'>\n\t\t\t\t<a data-elementor-open-lightbox=\"yes\" data-elementor-lightbox-slideshow=\"1e92959\" data-elementor-lightbox-title=\"Embalagens-a-V\u00e1cuo-Castanhas\" data-e-action-hash=\"#elementor-action%3Aaction%3Dlightbox%26settings%3DeyJpZCI6MjQzMCwidXJsIjoiaHR0cHM6XC9cL2hpcGVydmFjLmNvbS5iclwvd3AtY29udGVudFwvdXBsb2Fkc1wvMjAyMlwvMDdcL0VtYmFsYWdlbnMtYS1WYWN1by1DYXN0YW5oYXMuanBnIiwic2xpZGVzaG93IjoiMWU5Mjk1OSJ9\" href='https:\/\/hipervac.com.br\/wp-content\/uploads\/2022\/07\/Embalagens-a-Vacuo-Castanhas.jpg'><img loading=\"lazy\" decoding=\"async\" width=\"677\" height=\"454\" src=\"https:\/\/hipervac.com.br\/wp-content\/uploads\/2022\/07\/Embalagens-a-Vacuo-Castanhas.jpg\" class=\"attachment-full size-full\" alt=\"\" \/><\/a>\n\t\t\t<\/div><\/figure><figure class='gallery-item'>\n\t\t\t<div class='gallery-icon landscape'>\n\t\t\t\t<a data-elementor-open-lightbox=\"yes\" data-elementor-lightbox-slideshow=\"1e92959\" data-elementor-lightbox-title=\"Embalagens-a-V\u00e1cuo-Diversos\" data-e-action-hash=\"#elementor-action%3Aaction%3Dlightbox%26settings%3DeyJpZCI6MjQzMSwidXJsIjoiaHR0cHM6XC9cL2hpcGVydmFjLmNvbS5iclwvd3AtY29udGVudFwvdXBsb2Fkc1wvMjAyMlwvMDdcL0VtYmFsYWdlbnMtYS1WYWN1by1EaXZlcnNvcy5qcGciLCJzbGlkZXNob3ciOiIxZTkyOTU5In0%3D\" href='https:\/\/hipervac.com.br\/wp-content\/uploads\/2022\/07\/Embalagens-a-Vacuo-Diversos.jpg'><img loading=\"lazy\" decoding=\"async\" width=\"677\" height=\"454\" src=\"https:\/\/hipervac.com.br\/wp-content\/uploads\/2022\/07\/Embalagens-a-Vacuo-Diversos.jpg\" class=\"attachment-full size-full\" alt=\"\" \/><\/a>\n\t\t\t<\/div><\/figure><figure class='gallery-item'>\n\t\t\t<div class='gallery-icon landscape'>\n\t\t\t\t<a data-elementor-open-lightbox=\"yes\" data-elementor-lightbox-slideshow=\"1e92959\" data-elementor-lightbox-title=\"Embalagens-a-V\u00e1cuo-Frutas\" data-e-action-hash=\"#elementor-action%3Aaction%3Dlightbox%26settings%3DeyJpZCI6MjQzMiwidXJsIjoiaHR0cHM6XC9cL2hpcGVydmFjLmNvbS5iclwvd3AtY29udGVudFwvdXBsb2Fkc1wvMjAyMlwvMDdcL0VtYmFsYWdlbnMtYS1WYWN1by1GcnV0YXMuanBnIiwic2xpZGVzaG93IjoiMWU5Mjk1OSJ9\" href='https:\/\/hipervac.com.br\/wp-content\/uploads\/2022\/07\/Embalagens-a-Vacuo-Frutas.jpg'><img loading=\"lazy\" decoding=\"async\" width=\"677\" height=\"454\" src=\"https:\/\/hipervac.com.br\/wp-content\/uploads\/2022\/07\/Embalagens-a-Vacuo-Frutas.jpg\" class=\"attachment-full size-full\" alt=\"\" \/><\/a>\n\t\t\t<\/div><\/figure><figure class='gallery-item'>\n\t\t\t<div class='gallery-icon landscape'>\n\t\t\t\t<a data-elementor-open-lightbox=\"yes\" data-elementor-lightbox-slideshow=\"1e92959\" data-elementor-lightbox-title=\"Embalagens-a-V\u00e1cuo-Legumes\" data-e-action-hash=\"#elementor-action%3Aaction%3Dlightbox%26settings%3DeyJpZCI6MjQzMywidXJsIjoiaHR0cHM6XC9cL2hpcGVydmFjLmNvbS5iclwvd3AtY29udGVudFwvdXBsb2Fkc1wvMjAyMlwvMDdcL0VtYmFsYWdlbnMtYS1WYWN1by1MZWd1bWVzLmpwZyIsInNsaWRlc2hvdyI6IjFlOTI5NTkifQ%3D%3D\" href='https:\/\/hipervac.com.br\/wp-content\/uploads\/2022\/07\/Embalagens-a-Vacuo-Legumes.jpg'><img loading=\"lazy\" decoding=\"async\" width=\"677\" height=\"454\" src=\"https:\/\/hipervac.com.br\/wp-content\/uploads\/2022\/07\/Embalagens-a-Vacuo-Legumes.jpg\" class=\"attachment-full size-full\" alt=\"\" \/><\/a>\n\t\t\t<\/div><\/figure><figure class='gallery-item'>\n\t\t\t<div class='gallery-icon landscape'>\n\t\t\t\t<a data-elementor-open-lightbox=\"yes\" data-elementor-lightbox-slideshow=\"1e92959\" data-elementor-lightbox-title=\"Embalagens-a-V\u00e1cuo-Macaxeira\" data-e-action-hash=\"#elementor-action%3Aaction%3Dlightbox%26settings%3DeyJpZCI6MjQzNCwidXJsIjoiaHR0cHM6XC9cL2hpcGVydmFjLmNvbS5iclwvd3AtY29udGVudFwvdXBsb2Fkc1wvMjAyMlwvMDdcL0VtYmFsYWdlbnMtYS1WYWN1by1NYWNheGVpcmEuanBnIiwic2xpZGVzaG93IjoiMWU5Mjk1OSJ9\" href='https:\/\/hipervac.com.br\/wp-content\/uploads\/2022\/07\/Embalagens-a-Vacuo-Macaxeira.jpg'><img loading=\"lazy\" decoding=\"async\" width=\"677\" height=\"454\" src=\"https:\/\/hipervac.com.br\/wp-content\/uploads\/2022\/07\/Embalagens-a-Vacuo-Macaxeira.jpg\" class=\"attachment-full size-full\" alt=\"\" \/><\/a>\n\t\t\t<\/div><\/figure><figure class='gallery-item'>\n\t\t\t<div class='gallery-icon landscape'>\n\t\t\t\t<a data-elementor-open-lightbox=\"yes\" data-elementor-lightbox-slideshow=\"1e92959\" data-elementor-lightbox-title=\"Embalagens-a-V\u00e1cuo-Milho\" data-e-action-hash=\"#elementor-action%3Aaction%3Dlightbox%26settings%3DeyJpZCI6MjQzNSwidXJsIjoiaHR0cHM6XC9cL2hpcGVydmFjLmNvbS5iclwvd3AtY29udGVudFwvdXBsb2Fkc1wvMjAyMlwvMDdcL0VtYmFsYWdlbnMtYS1WYWN1by1NaWxoby5qcGciLCJzbGlkZXNob3ciOiIxZTkyOTU5In0%3D\" href='https:\/\/hipervac.com.br\/wp-content\/uploads\/2022\/07\/Embalagens-a-Vacuo-Milho.jpg'><img loading=\"lazy\" decoding=\"async\" width=\"677\" height=\"454\" src=\"https:\/\/hipervac.com.br\/wp-content\/uploads\/2022\/07\/Embalagens-a-Vacuo-Milho.jpg\" class=\"attachment-full size-full\" alt=\"\" \/><\/a>\n\t\t\t<\/div><\/figure><figure class='gallery-item'>\n\t\t\t<div class='gallery-icon landscape'>\n\t\t\t\t<a data-elementor-open-lightbox=\"yes\" data-elementor-lightbox-slideshow=\"1e92959\" data-elementor-lightbox-title=\"Embalagens-a-V\u00e1cuo-Nylon-Poli\" data-e-action-hash=\"#elementor-action%3Aaction%3Dlightbox%26settings%3DeyJpZCI6MjQzNiwidXJsIjoiaHR0cHM6XC9cL2hpcGVydmFjLmNvbS5iclwvd3AtY29udGVudFwvdXBsb2Fkc1wvMjAyMlwvMDdcL0VtYmFsYWdlbnMtYS1WYWN1by1OeWxvbi1Qb2xpLTEuanBnIiwic2xpZGVzaG93IjoiMWU5Mjk1OSJ9\" href='https:\/\/hipervac.com.br\/wp-content\/uploads\/2022\/07\/Embalagens-a-Vacuo-Nylon-Poli-1.jpg'><img loading=\"lazy\" decoding=\"async\" width=\"677\" height=\"454\" src=\"https:\/\/hipervac.com.br\/wp-content\/uploads\/2022\/07\/Embalagens-a-Vacuo-Nylon-Poli-1.jpg\" class=\"attachment-full size-full\" alt=\"\" \/><\/a>\n\t\t\t<\/div><\/figure><figure class='gallery-item'>\n\t\t\t<div class='gallery-icon landscape'>\n\t\t\t\t<a data-elementor-open-lightbox=\"yes\" data-elementor-lightbox-slideshow=\"1e92959\" data-elementor-lightbox-title=\"Embalagens-a-V\u00e1cuo-peixes\" data-e-action-hash=\"#elementor-action%3Aaction%3Dlightbox%26settings%3DeyJpZCI6MjQzNywidXJsIjoiaHR0cHM6XC9cL2hpcGVydmFjLmNvbS5iclwvd3AtY29udGVudFwvdXBsb2Fkc1wvMjAyMlwvMDdcL0VtYmFsYWdlbnMtYS1WYWN1by1wZWl4ZXMuanBnIiwic2xpZGVzaG93IjoiMWU5Mjk1OSJ9\" href='https:\/\/hipervac.com.br\/wp-content\/uploads\/2022\/07\/Embalagens-a-Vacuo-peixes.jpg'><img loading=\"lazy\" decoding=\"async\" width=\"677\" height=\"454\" src=\"https:\/\/hipervac.com.br\/wp-content\/uploads\/2022\/07\/Embalagens-a-Vacuo-peixes.jpg\" class=\"attachment-full size-full\" alt=\"\" \/><\/a>\n\t\t\t<\/div><\/figure><figure class='gallery-item'>\n\t\t\t<div class='gallery-icon landscape'>\n\t\t\t\t<a data-elementor-open-lightbox=\"yes\" data-elementor-lightbox-slideshow=\"1e92959\" data-elementor-lightbox-title=\"Embalagens-a-V\u00e1cuo-Queijos\" data-e-action-hash=\"#elementor-action%3Aaction%3Dlightbox%26settings%3DeyJpZCI6MjQzOCwidXJsIjoiaHR0cHM6XC9cL2hpcGVydmFjLmNvbS5iclwvd3AtY29udGVudFwvdXBsb2Fkc1wvMjAyMlwvMDdcL0VtYmFsYWdlbnMtYS1WYWN1by1RdWVpam9zLmpwZyIsInNsaWRlc2hvdyI6IjFlOTI5NTkifQ%3D%3D\" href='https:\/\/hipervac.com.br\/wp-content\/uploads\/2022\/07\/Embalagens-a-Vacuo-Queijos.jpg'><img loading=\"lazy\" decoding=\"async\" width=\"677\" height=\"454\" src=\"https:\/\/hipervac.com.br\/wp-content\/uploads\/2022\/07\/Embalagens-a-Vacuo-Queijos.jpg\" class=\"attachment-full size-full\" alt=\"\" \/><\/a>\n\t\t\t<\/div><\/figure>\n\t\t<\/div>\n\t\t<\/div>\n\t\t\t\t<\/div>\n\t\t\t\t<\/div>\n\t\t\t\t\t<\/div>\n\t\t<\/div>\n\t\t\t\t\t<\/div>\n\t\t<\/section>\n\t\t\t\t<\/div>\n\t\t","protected":false},"excerpt":{"rendered":"<p>Embalagens a V\u00e1cuo Atentos sempre com a evolu\u00e7\u00e3o da tecnologia a v\u00e1cuo no mercado nacional, fornecemos diversos equipamentos das melhores marcas dispon\u00edveis no mercado para nossos clientes. Embalagens a V\u00e1cuo Nylon Poli: As\u00a0embalagens nylon poli,\u00a0(Nylon\/Polietileno), s\u00e3o utilizadas no processo de embalagem e selagem a v\u00e1cuo, dois m\u00e9todos eficazes no que tange o quesito de conserva\u00e7\u00e3o [&hellip;]<\/p>\n","protected":false},"author":1,"featured_media":0,"parent":0,"menu_order":0,"comment_status":"closed","ping_status":"closed","template":"elementor_header_footer","meta":{"footnotes":""},"class_list":["post-2389","page","type-page","status-publish","hentry","entry"],"_links":{"self":[{"href":"https:\/\/hipervac.com.br\/index.php?rest_route=\/wp\/v2\/pages\/2389","targetHints":{"allow":["GET"]}}],"collection":[{"href":"https:\/\/hipervac.com.br\/index.php?rest_route=\/wp\/v2\/pages"}],"about":[{"href":"https:\/\/hipervac.com.br\/index.php?rest_route=\/wp\/v2\/types\/page"}],"author":[{"embeddable":true,"href":"https:\/\/hipervac.com.br\/index.php?rest_route=\/wp\/v2\/users\/1"}],"replies":[{"embeddable":true,"href":"https:\/\/hipervac.com.br\/index.php?rest_route=%2Fwp%2Fv2%2Fcomments&post=2389"}],"version-history":[{"count":46,"href":"https:\/\/hipervac.com.br\/index.php?rest_route=\/wp\/v2\/pages\/2389\/revisions"}],"predecessor-version":[{"id":2473,"href":"https:\/\/hipervac.com.br\/index.php?rest_route=\/wp\/v2\/pages\/2389\/revisions\/2473"}],"wp:attachment":[{"href":"https:\/\/hipervac.com.br\/index.php?rest_route=%2Fwp%2Fv2%2Fmedia&parent=2389"}],"curies":[{"name":"wp","href":"https:\/\/api.w.org\/{rel}","templated":true}]}}